{"id":1788,"date":"2025-10-09T08:29:31","date_gmt":"2025-10-09T06:29:31","guid":{"rendered":"http:\/\/adatest.filipekmeble.pl\/?page_id=1788"},"modified":"2025-10-09T08:30:10","modified_gmt":"2025-10-09T06:30:10","slug":"blog-1","status":"publish","type":"page","link":"https:\/\/filipekmeble.pl\/de\/blog-1\/","title":{"rendered":"Blog-1"},"content":{"rendered":"<div data-elementor-type=\"wp-page\" data-elementor-id=\"1788\" class=\"elementor elementor-1788\" data-elementor-post-type=\"page\">\n\t\t\t\t<div class=\"elementor-element elementor-element-5ecbbc3 e-flex e-con-boxed e-con e-parent\" data-id=\"5ecbbc3\" data-element_type=\"container\" data-e-type=\"container\">\n\t\t\t\t\t<div class=\"e-con-inner\">\n\t\t\t\t<div class=\"elementor-element elementor-element-8be6253 elementor-grid-3 elementor-grid-tablet-2 elementor-grid-mobile-1 elementor-posts--thumbnail-top elementor-widget elementor-widget-archive-posts\" data-id=\"8be6253\" data-element_type=\"widget\" data-e-type=\"widget\" data-settings=\"{&quot;archive_classic_columns&quot;:&quot;3&quot;,&quot;archive_classic_columns_tablet&quot;:&quot;2&quot;,&quot;archive_classic_columns_mobile&quot;:&quot;1&quot;,&quot;archive_classic_row_gap&quot;:{&quot;unit&quot;:&quot;px&quot;,&quot;size&quot;:35,&quot;sizes&quot;:[]},&quot;archive_classic_row_gap_laptop&quot;:{&quot;unit&quot;:&quot;px&quot;,&quot;size&quot;:&quot;&quot;,&quot;sizes&quot;:[]},&quot;archive_classic_row_gap_tablet&quot;:{&quot;unit&quot;:&quot;px&quot;,&quot;size&quot;:&quot;&quot;,&quot;sizes&quot;:[]},&quot;archive_classic_row_gap_mobile&quot;:{&quot;unit&quot;:&quot;px&quot;,&quot;size&quot;:&quot;&quot;,&quot;sizes&quot;:[]},&quot;pagination_type&quot;:&quot;numbers&quot;}\" data-widget_type=\"archive-posts.archive_classic\">\n\t\t\t\t<div class=\"elementor-widget-container\">\n\t\t\t\t\t\t\t<div class=\"elementor-posts-container elementor-posts elementor-posts--skin-classic elementor-grid\" role=\"list\">\n\t\t\t\t\t\t<div class=\"elementor-posts-nothing-found\">\n\t\t\t\t\tIt seems we can\u2019t find what you\u2019re looking for.\t\t\t\t<\/div>\n\t\t\t\t\t<\/div>\n\t\t\n\t\t\t\t\t\t<\/div>\n\t\t\t\t<\/div>\n\t\t\t\t\t<\/div>\n\t\t\t\t<\/div>\n\t\t\t\t<\/div>","protected":false},"excerpt":{"rendered":"","protected":false},"author":2,"featured_media":0,"parent":0,"menu_order":0,"comment_status":"closed","ping_status":"closed","template":"","meta":{"_acf_changed":false,"inline_featured_image":false,"footnotes":""},"class_list":["post-1788","page","type-page","status-publish","hentry"],"acf":[],"yoast_head":"<!-- This site is optimized with the Yoast SEO plugin v27.2 - https:\/\/yoast.com\/product\/yoast-seo-wordpress\/ -->\n<title>Blog-1 \u2013 jak skutecznie prowadzi\u0107 bloga krok po kroku<\/title>\n<meta name=\"description\" content=\"Sprawd\u017a, jak prowadzi\u0107 bloga, aby przyci\u0105gn\u0105\u0107 czytelnik\u00f3w i zwi\u0119kszy\u0107 zasi\u0119g. Poznaj sprawdzone metody i najlepsze praktyki w blogowaniu.\" \/>\n<meta name=\"robots\" content=\"index, follow, max-snippet:-1, max-image-preview:large, max-video-preview:-1\" \/>\n<link rel=\"canonical\" href=\"https:\/\/filipekmeble.pl\/de\/blog-1\/\" \/>\n<meta property=\"og:locale\" content=\"de_DE\" \/>\n<meta property=\"og:type\" content=\"article\" \/>\n<meta property=\"og:title\" content=\"Blog-1 \u2013 jak skutecznie prowadzi\u0107 bloga krok po kroku\" \/>\n<meta property=\"og:description\" content=\"Sprawd\u017a, jak prowadzi\u0107 bloga, aby przyci\u0105gn\u0105\u0107 czytelnik\u00f3w i zwi\u0119kszy\u0107 zasi\u0119g. Poznaj sprawdzone metody i najlepsze praktyki w blogowaniu.\" \/>\n<meta property=\"og:url\" content=\"https:\/\/filipekmeble.pl\/de\/blog-1\/\" \/>\n<meta property=\"og:site_name\" content=\"Filipek Meble\" \/>\n<meta property=\"article:modified_time\" content=\"2025-10-09T06:30:10+00:00\" \/>\n<meta name=\"twitter:card\" content=\"summary_large_image\" \/>\n<meta name=\"twitter:label1\" content=\"Gesch\u00e4tzte Lesezeit\" \/>\n\t<meta name=\"twitter:data1\" content=\"1\u00a0Minute\" \/>\n<!-- \/ Yoast SEO plugin. -->","yoast_head_json":{"title":"Blog-1 \u2013 jak skutecznie prowadzi\u0107 bloga krok po kroku","description":"Sprawd\u017a, jak prowadzi\u0107 bloga, aby przyci\u0105gn\u0105\u0107 czytelnik\u00f3w i zwi\u0119kszy\u0107 zasi\u0119g. Poznaj sprawdzone metody i najlepsze praktyki w blogowaniu.","robots":{"index":"index","follow":"follow","max-snippet":"max-snippet:-1","max-image-preview":"max-image-preview:large","max-video-preview":"max-video-preview:-1"},"canonical":"https:\/\/filipekmeble.pl\/de\/blog-1\/","og_locale":"de_DE","og_type":"article","og_title":"Blog-1 \u2013 jak skutecznie prowadzi\u0107 bloga krok po kroku","og_description":"Sprawd\u017a, jak prowadzi\u0107 bloga, aby przyci\u0105gn\u0105\u0107 czytelnik\u00f3w i zwi\u0119kszy\u0107 zasi\u0119g. Poznaj sprawdzone metody i najlepsze praktyki w blogowaniu.","og_url":"https:\/\/filipekmeble.pl\/de\/blog-1\/","og_site_name":"Filipek Meble","article_modified_time":"2025-10-09T06:30:10+00:00","twitter_card":"summary_large_image","twitter_misc":{"Gesch\u00e4tzte Lesezeit":"1\u00a0Minute"},"schema":{"@context":"https:\/\/schema.org","@graph":[{"@type":"WebPage","@id":"https:\/\/filipekmeble.pl\/blog-1\/","url":"https:\/\/filipekmeble.pl\/blog-1\/","name":"Blog-1 \u2013 jak skutecznie prowadzi\u0107 bloga krok po kroku","isPartOf":{"@id":"https:\/\/filipekmeble.pl\/#website"},"datePublished":"2025-10-09T06:29:31+00:00","dateModified":"2025-10-09T06:30:10+00:00","description":"Sprawd\u017a, jak prowadzi\u0107 bloga, aby przyci\u0105gn\u0105\u0107 czytelnik\u00f3w i zwi\u0119kszy\u0107 zasi\u0119g. Poznaj sprawdzone metody i najlepsze praktyki w blogowaniu.","breadcrumb":{"@id":"https:\/\/filipekmeble.pl\/blog-1\/#breadcrumb"},"inLanguage":"de","potentialAction":[{"@type":"ReadAction","target":["https:\/\/filipekmeble.pl\/blog-1\/"]}]},{"@type":"BreadcrumbList","@id":"https:\/\/filipekmeble.pl\/blog-1\/#breadcrumb","itemListElement":[{"@type":"ListItem","position":1,"name":"Strona g\u0142\u00f3wna","item":"https:\/\/filipekmeble.pl\/"},{"@type":"ListItem","position":2,"name":"Blog-1"}]},{"@type":"WebSite","@id":"https:\/\/filipekmeble.pl\/#website","url":"https:\/\/filipekmeble.pl\/","name":"Filipek Meble","description":"Filipek Meble","publisher":{"@id":"https:\/\/filipekmeble.pl\/#organization"},"potentialAction":[{"@type":"SearchAction","target":{"@type":"EntryPoint","urlTemplate":"https:\/\/filipekmeble.pl\/?s={search_term_string}"},"query-input":{"@type":"PropertyValueSpecification","valueRequired":true,"valueName":"search_term_string"}}],"inLanguage":"de"},{"@type":"Organization","@id":"https:\/\/filipekmeble.pl\/#organization","name":"Filipek Meble","url":"https:\/\/filipekmeble.pl\/","logo":{"@type":"ImageObject","inLanguage":"de","@id":"https:\/\/filipekmeble.pl\/#\/schema\/logo\/image\/","url":"https:\/\/filipekmeble.pl\/wp-content\/uploads\/2025\/06\/FILIPEK_MEBLE_LOGO_KOLOR@2x.svg","contentUrl":"https:\/\/filipekmeble.pl\/wp-content\/uploads\/2025\/06\/FILIPEK_MEBLE_LOGO_KOLOR@2x.svg","width":245,"height":95,"caption":"Filipek Meble"},"image":{"@id":"https:\/\/filipekmeble.pl\/#\/schema\/logo\/image\/"}}]}},"_links":{"self":[{"href":"https:\/\/filipekmeble.pl\/de\/wp-json\/wp\/v2\/pages\/1788","targetHints":{"allow":["GET"]}}],"collection":[{"href":"https:\/\/filipekmeble.pl\/de\/wp-json\/wp\/v2\/pages"}],"about":[{"href":"https:\/\/filipekmeble.pl\/de\/wp-json\/wp\/v2\/types\/page"}],"author":[{"embeddable":true,"href":"https:\/\/filipekmeble.pl\/de\/wp-json\/wp\/v2\/users\/2"}],"replies":[{"embeddable":true,"href":"https:\/\/filipekmeble.pl\/de\/wp-json\/wp\/v2\/comments?post=1788"}],"version-history":[{"count":0,"href":"https:\/\/filipekmeble.pl\/de\/wp-json\/wp\/v2\/pages\/1788\/revisions"}],"wp:attachment":[{"href":"https:\/\/filipekmeble.pl\/de\/wp-json\/wp\/v2\/media?parent=1788"}],"curies":[{"name":"wp","href":"https:\/\/api.w.org\/{rel}","templated":true}]}}